{"id":1708,"date":"2019-12-11T15:53:57","date_gmt":"2019-12-11T14:53:57","guid":{"rendered":"https:\/\/uhqebgrenoble.live-website.com\/?page_id=1708"},"modified":"2026-04-07T22:05:56","modified_gmt":"2026-04-07T21:05:56","slug":"adhesion","status":"publish","type":"page","link":"https:\/\/uhqeb-grenoble.fr\/?page_id=1708","title":{"rendered":"BULLETIN D&#8217;ADH\u00c9SION"},"content":{"rendered":"\n<p><strong>Pour \u00eatre adh\u00e9rent, il faut<\/strong> :<\/p>\n\n\n\n<ul class=\"wp-block-list\">\n<li>Avoir son domicile principal dans le quartier (voir -&gt; <a rel=\"noreferrer noopener\" href=\"https:\/\/uhqeb-grenoble.fr\/contact\" target=\"_blank\">plan du quartier<\/a>) <\/li>\n\n\n\n<li>Avoir r\u00e9gl\u00e9 le montant de la cotisation annuelle en compl\u00e9tant le bulletin d&#8217;adh\u00e9sion suivant :<\/li>\n<\/ul>\n\n\n\n<div data-wp-interactive=\"core\/file\" class=\"wp-block-file\"><object data-wp-bind--hidden=\"!state.hasPdfPreview\" hidden class=\"wp-block-file__embed\" data=\"https:\/\/uhqeb-grenoble.fr\/wp-content\/uploads\/2024\/01\/UHQEB-bulletin-ADHESION-2024_20240110_0001.pdf\" type=\"application\/pdf\" style=\"width:100%;height:600px\" aria-label=\"Contenu embarqu\u00e9 UHQEB-bulletin-ADHESION-2024_20240110_0001.\"><\/object><a id=\"wp-block-file--media-cc063a30-026d-4d1c-a92b-4ecff3282a44\" href=\"https:\/\/uhqeb-grenoble.fr\/wp-content\/uploads\/2024\/01\/UHQEB-bulletin-ADHESION-2024_20240110_0001.pdf\">UHQEB-bulletin-ADHESION-2024_20240110_0001<\/a><a href=\"https:\/\/uhqeb-grenoble.fr\/wp-content\/uploads\/2024\/01\/UHQEB-bulletin-ADHESION-2024_20240110_0001.pdf\" class=\"wp-block-file__button wp-element-button\" download aria-describedby=\"wp-block-file--media-cc063a30-026d-4d1c-a92b-4ecff3282a44\">T\u00e9l\u00e9charger<\/a><\/div>\n\n\n\n<p>Merci d&#8217;imprimer et compl\u00e9ter le bulletin ci-dessus.<\/p>\n\n\n\n<p>Libeller le ch\u00e8que \u00e0 l&#8217;ordre de : Union de Quartier Exposition-Bajati\u00e8re CCP 1254-82 B Grenoble<\/p>\n\n\n\n<p>Faire parvenir votre r\u00e8glement au si\u00e8ge \u00e0 &nbsp;l&#8217;adresse suivante :<\/p>\n\n\n\n<p>UHQEB Centre Socio culturel La Baja 79, avenue Jean Perrot 38100 Grenoble<\/p>\n\n\n\n<p>\u00c0 bient\u00f4t <\/p>\n","protected":false},"excerpt":{"rendered":"<p>Pour \u00eatre adh\u00e9rent, il faut : Merci d&#8217;imprimer et compl\u00e9ter le bulletin ci-dessus. Libeller le ch\u00e8que \u00e0 l&#8217;ordre de : Union de Quartier Exposition-Bajati\u00e8re CCP 1254-82 B Grenoble Faire parvenir votre r\u00e8glement au si\u00e8ge \u00e0 &nbsp;l&#8217;adresse suivante : UHQEB Centre Socio culturel La Baja 79, avenue Jean Perrot 38100 Grenoble<span class=\"more-link\"><a href=\"https:\/\/uhqeb-grenoble.fr\/?page_id=1708\">Lire la suite<\/a><\/span><\/p>\n","protected":false},"author":1,"featured_media":0,"parent":0,"menu_order":0,"comment_status":"closed","ping_status":"closed","template":"","meta":{"footnotes":""},"class_list":["entry","author-parcmistral","post-1708","page","type-page","status-publish"],"post_mailing_queue_ids":[],"_links":{"self":[{"href":"https:\/\/uhqeb-grenoble.fr\/index.php?rest_route=\/wp\/v2\/pages\/1708","targetHints":{"allow":["GET"]}}],"collection":[{"href":"https:\/\/uhqeb-grenoble.fr\/index.php?rest_route=\/wp\/v2\/pages"}],"about":[{"href":"https:\/\/uhqeb-grenoble.fr\/index.php?rest_route=\/wp\/v2\/types\/page"}],"author":[{"embeddable":true,"href":"https:\/\/uhqeb-grenoble.fr\/index.php?rest_route=\/wp\/v2\/users\/1"}],"replies":[{"embeddable":true,"href":"https:\/\/uhqeb-grenoble.fr\/index.php?rest_route=%2Fwp%2Fv2%2Fcomments&post=1708"}],"version-history":[{"count":19,"href":"https:\/\/uhqeb-grenoble.fr\/index.php?rest_route=\/wp\/v2\/pages\/1708\/revisions"}],"predecessor-version":[{"id":3100,"href":"https:\/\/uhqeb-grenoble.fr\/index.php?rest_route=\/wp\/v2\/pages\/1708\/revisions\/3100"}],"wp:attachment":[{"href":"https:\/\/uhqeb-grenoble.fr\/index.php?rest_route=%2Fwp%2Fv2%2Fmedia&parent=1708"}],"curies":[{"name":"wp","href":"https:\/\/api.w.org\/{rel}","templated":true}]}}